{"id":2147,"date":"2024-05-02T15:35:39","date_gmt":"2024-05-02T20:35:39","guid":{"rendered":"https:\/\/www.admunifondos.com\/portal\/?page_id=2147"},"modified":"2025-09-12T15:29:43","modified_gmt":"2025-09-12T20:29:43","slug":"proteccion-asistencia-medica","status":"publish","type":"page","link":"https:\/\/www.admunifondos.com\/portal\/fondo-de-inversion-prevenir\/proteccion-asistencia-medica\/","title":{"rendered":"Protecci\u00f3n Asistencia Medica"},"content":{"rendered":"\t\t<div data-elementor-type=\"wp-page\" data-elementor-id=\"2147\" class=\"elementor elementor-2147\">\n\t\t\t\t\t\t<section class=\"elementor-section elementor-top-section elementor-element elementor-element-385f762 elementor-section-boxed elementor-section-height-default elementor-section-height-default\" data-id=\"385f762\" data-element_type=\"section\">\n\t\t\t\t\t\t<div class=\"elementor-container elementor-column-gap-default\">\n\t\t\t\t\t<div class=\"elementor-column elementor-col-50 elementor-top-column elementor-element elementor-element-99c04da\" data-id=\"99c04da\" data-element_type=\"column\">\n\t\t\t<div class=\"elementor-widget-wrap elementor-element-populated\">\n\t\t\t\t\t\t<div class=\"elementor-element elementor-element-21b00b0 elementor-widget elementor-widget-heading\" data-id=\"21b00b0\" data-element_type=\"widget\" data-widget_type=\"heading.default\">\n\t\t\t\t<div class=\"elementor-widget-container\">\n\t\t\t<style>\/*! elementor - v3.23.0 - 15-07-2024 *\/\n.elementor-heading-title{padding:0;margin:0;line-height:1}.elementor-widget-heading .elementor-heading-title[class*=elementor-size-]>a{color:inherit;font-size:inherit;line-height:inherit}.elementor-widget-heading .elementor-heading-title.elementor-size-small{font-size:15px}.elementor-widget-heading .elementor-heading-title.elementor-size-medium{font-size:19px}.elementor-widget-heading .elementor-heading-title.elementor-size-large{font-size:29px}.elementor-widget-heading .elementor-heading-title.elementor-size-xl{font-size:39px}.elementor-widget-heading .elementor-heading-title.elementor-size-xxl{font-size:59px}<\/style><h3 class=\"elementor-heading-title elementor-size-default\">Mi Protecci\u00f3n<\/h3>\t\t<\/div>\n\t\t\t\t<\/div>\n\t\t\t\t\t<\/div>\n\t\t<\/div>\n\t\t\t\t<div class=\"elementor-column elementor-col-50 elementor-top-column elementor-element elementor-element-7527e79\" data-id=\"7527e79\" data-element_type=\"column\">\n\t\t\t<div class=\"elementor-widget-wrap elementor-element-populated\">\n\t\t\t\t\t\t<div class=\"elementor-element elementor-element-7602544 elementor-widget elementor-widget-heading\" data-id=\"7602544\" data-element_type=\"widget\" data-widget_type=\"heading.default\">\n\t\t\t\t<div class=\"elementor-widget-container\">\n\t\t\t<h3 class=\"elementor-heading-title elementor-size-default\">Asistencia M\u00e9dica<\/h3>\t\t<\/div>\n\t\t\t\t<\/div>\n\t\t\t\t\t<\/div>\n\t\t<\/div>\n\t\t\t\t\t<\/div>\n\t\t<\/section>\n\t\t\t\t<section class=\"elementor-section elementor-top-section elementor-element elementor-element-bc48ffa elementor-section-boxed elementor-section-height-default elementor-section-height-default\" data-id=\"bc48ffa\" data-element_type=\"section\">\n\t\t\t\t\t\t<div class=\"elementor-container elementor-column-gap-default\">\n\t\t\t\t\t<div class=\"elementor-column elementor-col-100 elementor-top-column elementor-element elementor-element-1ba7bf1\" data-id=\"1ba7bf1\" data-element_type=\"column\">\n\t\t\t<div class=\"elementor-widget-wrap elementor-element-populated\">\n\t\t\t\t\t\t<div class=\"elementor-element elementor-element-94ca5f4 elementor-widget elementor-widget-text-editor\" data-id=\"94ca5f4\" data-element_type=\"widget\" data-widget_type=\"text-editor.default\">\n\t\t\t\t<div class=\"elementor-widget-container\">\n\t\t\t<style>\/*! elementor - v3.23.0 - 15-07-2024 *\/\n.elementor-widget-text-editor.elementor-drop-cap-view-stacked .elementor-drop-cap{background-color:#69727d;color:#fff}.elementor-widget-text-editor.elementor-drop-cap-view-framed .elementor-drop-cap{color:#69727d;border:3px solid;background-color:transparent}.elementor-widget-text-editor:not(.elementor-drop-cap-view-default) .elementor-drop-cap{margin-top:8px}.elementor-widget-text-editor:not(.elementor-drop-cap-view-default) .elementor-drop-cap-letter{width:1em;height:1em}.elementor-widget-text-editor .elementor-drop-cap{float:left;text-align:center;line-height:1;font-size:50px}.elementor-widget-text-editor .elementor-drop-cap-letter{display:inline-block}<\/style>\t\t\t\t<p>\u00a1Tu Plan de Asistencia m\u00e9dica inclusiva Inmedical est\u00e1 aqu\u00ed para darte el bienestar que necesitas al mejor precio!<\/p>\t\t\t\t\t\t<\/div>\n\t\t\t\t<\/div>\n\t\t\t\t<div class=\"elementor-element elementor-element-1ea07a3 elementor-widget elementor-widget-image\" data-id=\"1ea07a3\" data-element_type=\"widget\" data-widget_type=\"image.default\">\n\t\t\t\t<div class=\"elementor-widget-container\">\n\t\t\t<style>\/*! elementor - v3.23.0 - 15-07-2024 *\/\n.elementor-widget-image{text-align:center}.elementor-widget-image a{display:inline-block}.elementor-widget-image a img[src$=\".svg\"]{width:48px}.elementor-widget-image img{vertical-align:middle;display:inline-block}<\/style>\t\t\t\t\t\t\t\t\t\t<img fetchpriority=\"high\" decoding=\"async\" width=\"683\" height=\"1024\" src=\"https:\/\/www.admunifondos.com\/portal\/wp-content\/uploads\/2024\/05\/Inmedical_full-683x1024.png\" class=\"attachment-large size-large wp-image-2152\" alt=\"\" srcset=\"https:\/\/www.admunifondos.com\/portal\/wp-content\/uploads\/2024\/05\/Inmedical_full-683x1024.png 683w, https:\/\/www.admunifondos.com\/portal\/wp-content\/uploads\/2024\/05\/Inmedical_full-200x300.png 200w, https:\/\/www.admunifondos.com\/portal\/wp-content\/uploads\/2024\/05\/Inmedical_full-768x1152.png 768w, https:\/\/www.admunifondos.com\/portal\/wp-content\/uploads\/2024\/05\/Inmedical_full-1024x1536.png 1024w, https:\/\/www.admunifondos.com\/portal\/wp-content\/uploads\/2024\/05\/Inmedical_full-1365x2048.png 1365w, https:\/\/www.admunifondos.com\/portal\/wp-content\/uploads\/2024\/05\/Inmedical_full-350x525.png 350w\" sizes=\"(max-width: 683px) 100vw, 683px\" title=\"\">\t\t\t\t\t\t\t\t\t\t\t\t\t<\/div>\n\t\t\t\t<\/div>\n\t\t\t\t\t<\/div>\n\t\t<\/div>\n\t\t\t\t\t<\/div>\n\t\t<\/section>\n\t\t\t\t<section class=\"elementor-section elementor-top-section elementor-element elementor-element-85cf5f8 elementor-section-boxed elementor-section-height-default elementor-section-height-default\" data-id=\"85cf5f8\" data-element_type=\"section\">\n\t\t\t\t\t\t<div class=\"elementor-container elementor-column-gap-default\">\n\t\t\t\t\t<div class=\"elementor-column elementor-col-100 elementor-top-column elementor-element elementor-element-2da8160\" data-id=\"2da8160\" data-element_type=\"column\" data-settings=\"{&quot;background_background&quot;:&quot;classic&quot;}\">\n\t\t\t<div class=\"elementor-widget-wrap elementor-element-populated\">\n\t\t\t\t\t\t<div class=\"elementor-element elementor-element-626b483 elementor-widget elementor-widget-heading\" data-id=\"626b483\" data-element_type=\"widget\" data-widget_type=\"heading.default\">\n\t\t\t\t<div class=\"elementor-widget-container\">\n\t\t\t<h2 class=\"elementor-heading-title elementor-size-default\">Ventajas del plan:<\/h2>\t\t<\/div>\n\t\t\t\t<\/div>\n\t\t\t\t<div class=\"elementor-element elementor-element-bc51c3e elementor-widget elementor-widget-text-editor\" data-id=\"bc51c3e\" data-element_type=\"widget\" data-widget_type=\"text-editor.default\">\n\t\t\t\t<div class=\"elementor-widget-container\">\n\t\t\t\t\t\t\t<p style=\"text-align: center;\">&#8211; Asistencia m\u00e9dica a nivel nacional.<\/p><p style=\"text-align: center;\">&#8211; Sin l\u00edmite de edad en coberturas ambulatorias y hospitalaria.<\/p><p style=\"text-align: center;\">&#8211; Atenci\u00f3n inmediata.<\/p><p style=\"text-align: center;\">&#8211; Sin preexistencias, sin carencias, sin copagos.<\/p><p style=\"text-align: center;\">&#8211; Cobertura de vida hasta los 80 a\u00f1os.<\/p>\t\t\t\t\t\t<\/div>\n\t\t\t\t<\/div>\n\t\t\t\t\t<\/div>\n\t\t<\/div>\n\t\t\t\t\t<\/div>\n\t\t<\/section>\n\t\t\t\t<section class=\"elementor-section elementor-top-section elementor-element elementor-element-55f7a7a elementor-section-boxed elementor-section-height-default elementor-section-height-default\" data-id=\"55f7a7a\" data-element_type=\"section\">\n\t\t\t\t\t\t<div class=\"elementor-container elementor-column-gap-default\">\n\t\t\t\t\t<div class=\"elementor-column elementor-col-100 elementor-top-column elementor-element elementor-element-8e9c953\" data-id=\"8e9c953\" data-element_type=\"column\">\n\t\t\t<div class=\"elementor-widget-wrap elementor-element-populated\">\n\t\t\t\t\t\t<div class=\"elementor-element elementor-element-ac2954d elementor-widget elementor-widget-image\" data-id=\"ac2954d\" data-element_type=\"widget\" data-widget_type=\"image.default\">\n\t\t\t\t<div class=\"elementor-widget-container\">\n\t\t\t\t\t\t\t\t\t\t\t\t\t<img decoding=\"async\" width=\"768\" height=\"247\" src=\"https:\/\/www.admunifondos.com\/portal\/wp-content\/uploads\/2025\/09\/TarifasInMedical_2025-768x247.png\" class=\"attachment-medium_large size-medium_large wp-image-2328\" alt=\"\" srcset=\"https:\/\/www.admunifondos.com\/portal\/wp-content\/uploads\/2025\/09\/TarifasInMedical_2025-768x247.png 768w, https:\/\/www.admunifondos.com\/portal\/wp-content\/uploads\/2025\/09\/TarifasInMedical_2025-300x96.png 300w, https:\/\/www.admunifondos.com\/portal\/wp-content\/uploads\/2025\/09\/TarifasInMedical_2025-1024x329.png 1024w, https:\/\/www.admunifondos.com\/portal\/wp-content\/uploads\/2025\/09\/TarifasInMedical_2025-1536x494.png 1536w, https:\/\/www.admunifondos.com\/portal\/wp-content\/uploads\/2025\/09\/TarifasInMedical_2025-350x113.png 350w, https:\/\/www.admunifondos.com\/portal\/wp-content\/uploads\/2025\/09\/TarifasInMedical_2025.png 1792w\" sizes=\"(max-width: 768px) 100vw, 768px\" title=\"\">\t\t\t\t\t\t\t\t\t\t\t\t\t<\/div>\n\t\t\t\t<\/div>\n\t\t\t\t\t<\/div>\n\t\t<\/div>\n\t\t\t\t\t<\/div>\n\t\t<\/section>\n\t\t\t\t<section class=\"elementor-section elementor-top-section elementor-element elementor-element-be0e8e3 elementor-section-boxed elementor-section-height-default elementor-section-height-default\" data-id=\"be0e8e3\" data-element_type=\"section\">\n\t\t\t\t\t\t<div class=\"elementor-container elementor-column-gap-default\">\n\t\t\t\t\t<div class=\"elementor-column elementor-col-100 elementor-top-column elementor-element elementor-element-729aae5\" data-id=\"729aae5\" data-element_type=\"column\">\n\t\t\t<div class=\"elementor-widget-wrap elementor-element-populated\">\n\t\t\t\t\t\t<div class=\"elementor-element elementor-element-2f46c0a elementor-align-center elementor-widget elementor-widget-button\" data-id=\"2f46c0a\" data-element_type=\"widget\" data-widget_type=\"button.default\">\n\t\t\t\t<div class=\"elementor-widget-container\">\n\t\t\t\t\t<div class=\"elementor-button-wrapper\">\n\t\t\t<a class=\"elementor-button elementor-button-link elementor-size-sm\" href=\"https:\/\/www.admunifondos.com\/Folletos\/FormularioInmedical_2025.pdf\" target=\"_blank\">\n\t\t\t\t\t\t<span class=\"elementor-button-content-wrapper\">\n\t\t\t\t\t\t\t\t\t<span class=\"elementor-button-text\">Formulario<\/span>\n\t\t\t\t\t<\/span>\n\t\t\t\t\t<\/a>\n\t\t<\/div>\n\t\t\t\t<\/div>\n\t\t\t\t<\/div>\n\t\t\t\t\t<\/div>\n\t\t<\/div>\n\t\t\t\t\t<\/div>\n\t\t<\/section>\n\t\t\t\t<\/div>\n\t\t","protected":false},"excerpt":{"rendered":"<p>Mi Protecci\u00f3n Asistencia M\u00e9dica \u00a1Tu Plan de Asistencia m\u00e9dica inclusiva Inmedical est\u00e1 aqu\u00ed para darte el bienestar que necesitas al mejor precio! Ventajas del plan: &#8211; Asistencia m\u00e9dica a nivel nacional. &#8211; Sin l\u00edmite de edad en coberturas ambulatorias y hospitalaria. &#8211; Atenci\u00f3n inmediata. &#8211; Sin preexistencias, sin carencias, sin copagos. &#8211; Cobertura de vida [&hellip;]<\/p>\n","protected":false},"author":3,"featured_media":0,"parent":644,"menu_order":0,"comment_status":"closed","ping_status":"closed","template":"","meta":{"_monsterinsights_skip_tracking":false,"_monsterinsights_sitenote_active":false,"_monsterinsights_sitenote_note":"","_monsterinsights_sitenote_category":0,"footnotes":""},"class_list":["post-2147","page","type-page","status-publish","hentry"],"_links":{"self":[{"href":"https:\/\/www.admunifondos.com\/portal\/wp-json\/wp\/v2\/pages\/2147","targetHints":{"allow":["GET"]}}],"collection":[{"href":"https:\/\/www.admunifondos.com\/portal\/wp-json\/wp\/v2\/pages"}],"about":[{"href":"https:\/\/www.admunifondos.com\/portal\/wp-json\/wp\/v2\/types\/page"}],"author":[{"embeddable":true,"href":"https:\/\/www.admunifondos.com\/portal\/wp-json\/wp\/v2\/users\/3"}],"replies":[{"embeddable":true,"href":"https:\/\/www.admunifondos.com\/portal\/wp-json\/wp\/v2\/comments?post=2147"}],"version-history":[{"count":29,"href":"https:\/\/www.admunifondos.com\/portal\/wp-json\/wp\/v2\/pages\/2147\/revisions"}],"predecessor-version":[{"id":2334,"href":"https:\/\/www.admunifondos.com\/portal\/wp-json\/wp\/v2\/pages\/2147\/revisions\/2334"}],"up":[{"embeddable":true,"href":"https:\/\/www.admunifondos.com\/portal\/wp-json\/wp\/v2\/pages\/644"}],"wp:attachment":[{"href":"https:\/\/www.admunifondos.com\/portal\/wp-json\/wp\/v2\/media?parent=2147"}],"curies":[{"name":"wp","href":"https:\/\/api.w.org\/{rel}","templated":true}]}}